{"id":2331,"date":"2022-08-21T12:06:50","date_gmt":"2022-08-21T10:06:50","guid":{"rendered":"https:\/\/gallant-jackson.149-202-187-63.plesk.page\/bruegel\/?page_id=2331"},"modified":"2024-01-01T16:54:04","modified_gmt":"2024-01-01T15:54:04","slug":"de-acacias-school","status":"publish","type":"page","link":"https:\/\/bruegel.kiwanis.be\/nl\/sociale-acties\/de-acacias-school\/","title":{"rendered":"De ACACIAS school"},"content":{"rendered":"[et_pb_section fb_built=&#8221;1&#8243; admin_label=&#8221;section&#8221; _builder_version=&#8221;4.16&#8243; global_colors_info=&#8221;{}&#8221;][et_pb_row admin_label=&#8221;row&#8221; _builder_version=&#8221;4.16&#8243; background_size=&#8221;initial&#8221; background_position=&#8221;top_left&#8221; background_repeat=&#8221;repeat&#8221; global_colors_info=&#8221;{}&#8221;][et_pb_column type=&#8221;4_4&#8243; _builder_version=&#8221;4.16&#8243; custom_padding=&#8221;|||&#8221; global_colors_info=&#8221;{}&#8221; custom_padding__hover=&#8221;|||&#8221;][et_pb_text admin_label=&#8221;Text&#8221; _builder_version=&#8221;4.18.0&#8243; background_size=&#8221;initial&#8221; background_position=&#8221;top_left&#8221; background_repeat=&#8221;repeat&#8221; hover_enabled=&#8221;0&#8243; global_colors_info=&#8221;{}&#8221; sticky_enabled=&#8221;0&#8243;]<p><\/p>\n<figure class=\"wp-block-image size-full\"><img loading=\"lazy\" decoding=\"async\" width=\"1024\" height=\"445\" src=\"https:\/\/bruegel.kiwanis.be\/wp-content\/uploads\/sites\/22\/2022\/07\/les_acacias-crp.jpg\" alt=\"\" class=\"wp-image-1926\" srcset=\"https:\/\/bruegel.kiwanis.be\/wp-content\/uploads\/sites\/22\/2022\/07\/les_acacias-crp.jpg 1024w, https:\/\/bruegel.kiwanis.be\/wp-content\/uploads\/sites\/22\/2022\/07\/les_acacias-crp-980x426.jpg 980w, https:\/\/bruegel.kiwanis.be\/wp-content\/uploads\/sites\/22\/2022\/07\/les_acacias-crp-480x209.jpg 480w\" sizes=\"(min-width: 0px) and (max-width: 480px) 480px, (min-width: 481px) and (max-width: 980px) 980px, (min-width: 981px) 1024px, 100vw\" \/><\/figure>\n<p><\/p>\n<p>&nbsp;<\/p>\n<p>De \u2018\u2019ACACIAS\u2019\u2019 school legt zich vooral toe op het onderwijs van het type 1 en 2 en ook op bijzondere leergangen voor autistische kinderen.<\/p>\n<p>Het project plaatst de leerling centraal in het pedagogisch kader en legt het accent op het lukken en de valorisatie van de inspanning\u00a0.<\/p>\n<p>De school is een plaats van opening waar de kwaliteit van het onthaal zowel, voor de ouders als voor de leerlingen een samenwerking mogelijk maken, waar zij hun verschillen leren aanvaarden en waar hun school en niet school vaardigheden ontwikkeld worden.<\/p>\n<p>De school is zich bewust van haar pedagogische opdracht, zij werkt de samenwerking in de hand van medische, paramedische, pedagogische en sociale teams, identificieert de vormings noden van het paramedische personeel en steunt alle initiatieven in dit domein.<\/p>\n<p>Om deze doelstellingen te bereiken past de school de \u2018\u2019TEACCH\u2019\u2019 techniek toe (<em>Treatment and Education of Autistic and Related Communication Handicapped Children<\/em>). \u00a0<\/p>\n<p>&nbsp;<\/p>\n<p><!-- \/wp:post-content --><\/p>[\/et_pb_text][et_pb_divider _builder_version=&#8221;4.18.0&#8243; _module_preset=&#8221;default&#8221; hover_enabled=&#8221;0&#8243; sticky_enabled=&#8221;0&#8243;][\/et_pb_divider][et_pb_text _builder_version=&#8221;4.18.0&#8243; _dynamic_attributes=&#8221;content&#8221; _module_preset=&#8221;default&#8221; text_font_size=&#8221;12px&#8221; global_colors_info=&#8221;{}&#8221; global_module=&#8221;2663&#8243; theme_builder_area=&#8221;post_content&#8221;]@ET-DC@eyJkeW5hbWljIjp0cnVlLCJjb250ZW50IjoiY3VycmVudF9kYXRlIiwic2V0dGluZ3MiOnsiYmVmb3JlIjoiTGFhdHN0ZSB1aXRnYXZlICIsImFmdGVyIjoiIiwiZGF0ZV9mb3JtYXQiOiJkZWZhdWx0IiwiY3VzdG9tX2RhdGVfZm9ybWF0IjoiIn19@[\/et_pb_text][\/et_pb_column][\/et_pb_row][\/et_pb_section]","protected":false},"excerpt":{"rendered":"<p>&nbsp; De \u2018\u2019ACACIAS\u2019\u2019 school legt zich vooral toe op het onderwijs van het type 1 en 2 en ook op bijzondere leergangen voor autistische kinderen. Het project plaatst de leerling [&hellip;]<\/p>\n","protected":false},"author":6,"featured_media":0,"parent":2329,"menu_order":0,"comment_status":"closed","ping_status":"closed","template":"","meta":{"_et_pb_use_builder":"on","_et_pb_old_content":"<!-- wp:image {\"id\":1926,\"sizeSlug\":\"full\",\"linkDestination\":\"none\"} -->\n<figure class=\"wp-block-image size-full\"><img src=\"https:\/\/bruegel.kiwanis.be\/wp-content\/uploads\/sites\/22\/2022\/07\/les_acacias-crp.jpg\" alt=\"\" class=\"wp-image-1926\" \/><\/figure>\n<!-- \/wp:image -->\n\n<!-- wp:paragraph -->\n<p>L\u2019\u00e9cole \u00ab&nbsp;Les ACACIAS&nbsp;\u00bb est une \u00e9cole sp\u00e9cialis\u00e9e de Type 1 et 2 avec \u00e9galement des classes sp\u00e9cifiques pour enfants autistes.<\/p>\n<!-- \/wp:paragraph -->\n\n<!-- wp:paragraph -->\n<p>Son projet est de placer l\u2019\u00e9l\u00e8ve au centre de l\u2019action p\u00e9dagogique en mettant l\u2019accent sur la r\u00e9ussite et la valorisation de l\u2019effort.<\/p>\n<!-- \/wp:paragraph -->\n\n<!-- wp:paragraph -->\n<p>L\u2019\u00e9cole est un lieu d\u2019ouverture o\u00f9 la qualit\u00e9 de l\u2019accueil tant des parents que des \u00e9l\u00e8ves permet de cr\u00e9er un partenariat avec les parents mais aussi aux \u00e9l\u00e8ves d\u2019accepter leur diff\u00e9rence et &nbsp;de les amener \u00e0 d\u00e9velopper leurs potentiels scolaires et\/ou non scolaires.<\/p>\n<!-- \/wp:paragraph -->\n\n<!-- wp:paragraph -->\n<p>L\u2019\u00e9cole est consciente de sa mission p\u00e9dagogique. Elle favorise la concertation entre tous les acteurs des \u00e9quipes p\u00e9dagogiques, param\u00e9dicales, sociales et des partenaires ext\u00e9rieurs.<\/p>\n<!-- \/wp:paragraph -->\n\n<!-- wp:paragraph -->\n<p>Elle identifie les besoins en formation des enseignants et du personnel param\u00e9dical et soutient les initiatives prises en ce domaine.<\/p>\n<!-- \/wp:paragraph -->\n\n<!-- wp:paragraph -->\n<p>Pour atteindre ses objectifs, l\u2019\u00e9cole applique la d\u00e9marche \"TEACCH\" ( <em>Treatment and Education of Autistic and Related Communications Handicapped Children<\/em>).<\/p>\n<!-- \/wp:paragraph -->","_et_gb_content_width":"1200","iawp_total_views":1,"footnotes":""},"class_list":["post-2331","page","type-page","status-publish","hentry"],"yoast_head":"<!-- This site is optimized with the Yoast SEO plugin v27.3 - https:\/\/yoast.com\/product\/yoast-seo-wordpress\/ -->\n<title>De ACACIAS school - Kiwanis Dilbeek Bruegel<\/title>\n<meta name=\"robots\" content=\"index, follow, max-snippet:-1, max-image-preview:large, max-video-preview:-1\" \/>\n<link rel=\"canonical\" href=\"https:\/\/bruegel.kiwanis.be\/nl\/sociale-acties\/de-acacias-school\/\" \/>\n<meta property=\"og:locale\" content=\"nl_NL\" \/>\n<meta property=\"og:type\" content=\"article\" \/>\n<meta property=\"og:title\" content=\"De ACACIAS school - Kiwanis Dilbeek Bruegel\" \/>\n<meta property=\"og:description\" content=\"&nbsp; De \u2018\u2019ACACIAS\u2019\u2019 school legt zich vooral toe op het onderwijs van het type 1 en 2 en ook op bijzondere leergangen voor autistische kinderen. Het project plaatst de leerling [&hellip;]\" \/>\n<meta property=\"og:url\" content=\"https:\/\/bruegel.kiwanis.be\/nl\/sociale-acties\/de-acacias-school\/\" \/>\n<meta property=\"og:site_name\" content=\"Kiwanis Dilbeek Bruegel\" \/>\n<meta property=\"article:modified_time\" content=\"2024-01-01T15:54:04+00:00\" \/>\n<meta property=\"og:image\" content=\"https:\/\/bruegel.kiwanis.be\/wp-content\/uploads\/sites\/22\/2022\/07\/les_acacias-crp.jpg\" \/>\n<meta name=\"twitter:card\" content=\"summary_large_image\" \/>\n<meta name=\"twitter:label1\" content=\"Geschatte leestijd\" \/>\n\t<meta name=\"twitter:data1\" content=\"2 minuten\" \/>\n<script type=\"application\/ld+json\" class=\"yoast-schema-graph\">{\"@context\":\"https:\\\/\\\/schema.org\",\"@graph\":[{\"@type\":\"WebPage\",\"@id\":\"https:\\\/\\\/bruegel.kiwanis.be\\\/nl\\\/sociale-acties\\\/de-acacias-school\\\/\",\"url\":\"https:\\\/\\\/bruegel.kiwanis.be\\\/nl\\\/sociale-acties\\\/de-acacias-school\\\/\",\"name\":\"De ACACIAS school - Kiwanis Dilbeek Bruegel\",\"isPartOf\":{\"@id\":\"https:\\\/\\\/bruegel.kiwanis.be\\\/nl\\\/#website\"},\"primaryImageOfPage\":{\"@id\":\"https:\\\/\\\/bruegel.kiwanis.be\\\/nl\\\/sociale-acties\\\/de-acacias-school\\\/#primaryimage\"},\"image\":{\"@id\":\"https:\\\/\\\/bruegel.kiwanis.be\\\/nl\\\/sociale-acties\\\/de-acacias-school\\\/#primaryimage\"},\"thumbnailUrl\":\"https:\\\/\\\/bruegel.kiwanis.be\\\/wp-content\\\/uploads\\\/sites\\\/22\\\/2022\\\/07\\\/les_acacias-crp.jpg\",\"datePublished\":\"2022-08-21T10:06:50+00:00\",\"dateModified\":\"2024-01-01T15:54:04+00:00\",\"breadcrumb\":{\"@id\":\"https:\\\/\\\/bruegel.kiwanis.be\\\/nl\\\/sociale-acties\\\/de-acacias-school\\\/#breadcrumb\"},\"inLanguage\":\"nl-NL\",\"potentialAction\":[{\"@type\":\"ReadAction\",\"target\":[\"https:\\\/\\\/bruegel.kiwanis.be\\\/nl\\\/sociale-acties\\\/de-acacias-school\\\/\"]}]},{\"@type\":\"ImageObject\",\"inLanguage\":\"nl-NL\",\"@id\":\"https:\\\/\\\/bruegel.kiwanis.be\\\/nl\\\/sociale-acties\\\/de-acacias-school\\\/#primaryimage\",\"url\":\"https:\\\/\\\/bruegel.kiwanis.be\\\/wp-content\\\/uploads\\\/sites\\\/22\\\/2022\\\/07\\\/les_acacias-crp.jpg\",\"contentUrl\":\"https:\\\/\\\/bruegel.kiwanis.be\\\/wp-content\\\/uploads\\\/sites\\\/22\\\/2022\\\/07\\\/les_acacias-crp.jpg\"},{\"@type\":\"BreadcrumbList\",\"@id\":\"https:\\\/\\\/bruegel.kiwanis.be\\\/nl\\\/sociale-acties\\\/de-acacias-school\\\/#breadcrumb\",\"itemListElement\":[{\"@type\":\"ListItem\",\"position\":1,\"name\":\"Home\",\"item\":\"https:\\\/\\\/bruegel.kiwanis.be\\\/nl\\\/\"},{\"@type\":\"ListItem\",\"position\":2,\"name\":\"Sociale acties\",\"item\":\"https:\\\/\\\/bruegel.kiwanis.be\\\/nl\\\/nos-actions\\\/\"},{\"@type\":\"ListItem\",\"position\":3,\"name\":\"De ACACIAS school\"}]},{\"@type\":\"WebSite\",\"@id\":\"https:\\\/\\\/bruegel.kiwanis.be\\\/nl\\\/#website\",\"url\":\"https:\\\/\\\/bruegel.kiwanis.be\\\/nl\\\/\",\"name\":\"Kiwanis Dilbeek Bruegel\",\"description\":\"\",\"publisher\":{\"@id\":\"https:\\\/\\\/bruegel.kiwanis.be\\\/nl\\\/#organization\"},\"potentialAction\":[{\"@type\":\"SearchAction\",\"target\":{\"@type\":\"EntryPoint\",\"urlTemplate\":\"https:\\\/\\\/bruegel.kiwanis.be\\\/nl\\\/?s={search_term_string}\"},\"query-input\":{\"@type\":\"PropertyValueSpecification\",\"valueRequired\":true,\"valueName\":\"search_term_string\"}}],\"inLanguage\":\"nl-NL\"},{\"@type\":\"Organization\",\"@id\":\"https:\\\/\\\/bruegel.kiwanis.be\\\/nl\\\/#organization\",\"name\":\"Kiwanis\",\"url\":\"https:\\\/\\\/bruegel.kiwanis.be\\\/nl\\\/\",\"logo\":{\"@type\":\"ImageObject\",\"inLanguage\":\"nl-NL\",\"@id\":\"https:\\\/\\\/bruegel.kiwanis.be\\\/nl\\\/#\\\/schema\\\/logo\\\/image\\\/\",\"url\":\"https:\\\/\\\/bruegel.kiwanis.be\\\/wp-content\\\/uploads\\\/sites\\\/22\\\/2021\\\/04\\\/kiwanis-logo@2x.png\",\"contentUrl\":\"https:\\\/\\\/bruegel.kiwanis.be\\\/wp-content\\\/uploads\\\/sites\\\/22\\\/2021\\\/04\\\/kiwanis-logo@2x.png\",\"width\":555,\"height\":100,\"caption\":\"Kiwanis\"},\"image\":{\"@id\":\"https:\\\/\\\/bruegel.kiwanis.be\\\/nl\\\/#\\\/schema\\\/logo\\\/image\\\/\"}}]}<\/script>\n<!-- \/ Yoast SEO plugin. -->","yoast_head_json":{"title":"De ACACIAS school - Kiwanis Dilbeek Bruegel","robots":{"index":"index","follow":"follow","max-snippet":"max-snippet:-1","max-image-preview":"max-image-preview:large","max-video-preview":"max-video-preview:-1"},"canonical":"https:\/\/bruegel.kiwanis.be\/nl\/sociale-acties\/de-acacias-school\/","og_locale":"nl_NL","og_type":"article","og_title":"De ACACIAS school - Kiwanis Dilbeek Bruegel","og_description":"&nbsp; De \u2018\u2019ACACIAS\u2019\u2019 school legt zich vooral toe op het onderwijs van het type 1 en 2 en ook op bijzondere leergangen voor autistische kinderen. Het project plaatst de leerling [&hellip;]","og_url":"https:\/\/bruegel.kiwanis.be\/nl\/sociale-acties\/de-acacias-school\/","og_site_name":"Kiwanis Dilbeek Bruegel","article_modified_time":"2024-01-01T15:54:04+00:00","og_image":[{"url":"https:\/\/bruegel.kiwanis.be\/wp-content\/uploads\/sites\/22\/2022\/07\/les_acacias-crp.jpg","type":"","width":"","height":""}],"twitter_card":"summary_large_image","twitter_misc":{"Geschatte leestijd":"2 minuten"},"schema":{"@context":"https:\/\/schema.org","@graph":[{"@type":"WebPage","@id":"https:\/\/bruegel.kiwanis.be\/nl\/sociale-acties\/de-acacias-school\/","url":"https:\/\/bruegel.kiwanis.be\/nl\/sociale-acties\/de-acacias-school\/","name":"De ACACIAS school - Kiwanis Dilbeek Bruegel","isPartOf":{"@id":"https:\/\/bruegel.kiwanis.be\/nl\/#website"},"primaryImageOfPage":{"@id":"https:\/\/bruegel.kiwanis.be\/nl\/sociale-acties\/de-acacias-school\/#primaryimage"},"image":{"@id":"https:\/\/bruegel.kiwanis.be\/nl\/sociale-acties\/de-acacias-school\/#primaryimage"},"thumbnailUrl":"https:\/\/bruegel.kiwanis.be\/wp-content\/uploads\/sites\/22\/2022\/07\/les_acacias-crp.jpg","datePublished":"2022-08-21T10:06:50+00:00","dateModified":"2024-01-01T15:54:04+00:00","breadcrumb":{"@id":"https:\/\/bruegel.kiwanis.be\/nl\/sociale-acties\/de-acacias-school\/#breadcrumb"},"inLanguage":"nl-NL","potentialAction":[{"@type":"ReadAction","target":["https:\/\/bruegel.kiwanis.be\/nl\/sociale-acties\/de-acacias-school\/"]}]},{"@type":"ImageObject","inLanguage":"nl-NL","@id":"https:\/\/bruegel.kiwanis.be\/nl\/sociale-acties\/de-acacias-school\/#primaryimage","url":"https:\/\/bruegel.kiwanis.be\/wp-content\/uploads\/sites\/22\/2022\/07\/les_acacias-crp.jpg","contentUrl":"https:\/\/bruegel.kiwanis.be\/wp-content\/uploads\/sites\/22\/2022\/07\/les_acacias-crp.jpg"},{"@type":"BreadcrumbList","@id":"https:\/\/bruegel.kiwanis.be\/nl\/sociale-acties\/de-acacias-school\/#breadcrumb","itemListElement":[{"@type":"ListItem","position":1,"name":"Home","item":"https:\/\/bruegel.kiwanis.be\/nl\/"},{"@type":"ListItem","position":2,"name":"Sociale acties","item":"https:\/\/bruegel.kiwanis.be\/nl\/nos-actions\/"},{"@type":"ListItem","position":3,"name":"De ACACIAS school"}]},{"@type":"WebSite","@id":"https:\/\/bruegel.kiwanis.be\/nl\/#website","url":"https:\/\/bruegel.kiwanis.be\/nl\/","name":"Kiwanis Dilbeek Bruegel","description":"","publisher":{"@id":"https:\/\/bruegel.kiwanis.be\/nl\/#organization"},"potentialAction":[{"@type":"SearchAction","target":{"@type":"EntryPoint","urlTemplate":"https:\/\/bruegel.kiwanis.be\/nl\/?s={search_term_string}"},"query-input":{"@type":"PropertyValueSpecification","valueRequired":true,"valueName":"search_term_string"}}],"inLanguage":"nl-NL"},{"@type":"Organization","@id":"https:\/\/bruegel.kiwanis.be\/nl\/#organization","name":"Kiwanis","url":"https:\/\/bruegel.kiwanis.be\/nl\/","logo":{"@type":"ImageObject","inLanguage":"nl-NL","@id":"https:\/\/bruegel.kiwanis.be\/nl\/#\/schema\/logo\/image\/","url":"https:\/\/bruegel.kiwanis.be\/wp-content\/uploads\/sites\/22\/2021\/04\/kiwanis-logo@2x.png","contentUrl":"https:\/\/bruegel.kiwanis.be\/wp-content\/uploads\/sites\/22\/2021\/04\/kiwanis-logo@2x.png","width":555,"height":100,"caption":"Kiwanis"},"image":{"@id":"https:\/\/bruegel.kiwanis.be\/nl\/#\/schema\/logo\/image\/"}}]}},"_links":{"self":[{"href":"https:\/\/bruegel.kiwanis.be\/nl\/wp-json\/wp\/v2\/pages\/2331","targetHints":{"allow":["GET"]}}],"collection":[{"href":"https:\/\/bruegel.kiwanis.be\/nl\/wp-json\/wp\/v2\/pages"}],"about":[{"href":"https:\/\/bruegel.kiwanis.be\/nl\/wp-json\/wp\/v2\/types\/page"}],"author":[{"embeddable":true,"href":"https:\/\/bruegel.kiwanis.be\/nl\/wp-json\/wp\/v2\/users\/6"}],"replies":[{"embeddable":true,"href":"https:\/\/bruegel.kiwanis.be\/nl\/wp-json\/wp\/v2\/comments?post=2331"}],"version-history":[{"count":0,"href":"https:\/\/bruegel.kiwanis.be\/nl\/wp-json\/wp\/v2\/pages\/2331\/revisions"}],"up":[{"embeddable":true,"href":"https:\/\/bruegel.kiwanis.be\/nl\/wp-json\/wp\/v2\/pages\/2329"}],"wp:attachment":[{"href":"https:\/\/bruegel.kiwanis.be\/nl\/wp-json\/wp\/v2\/media?parent=2331"}],"curies":[{"name":"wp","href":"https:\/\/api.w.org\/{rel}","templated":true}]}}